{"id":11,"date":"2017-02-25T12:54:56","date_gmt":"2017-02-25T12:54:56","guid":{"rendered":"http:\/\/www.portuguesatodaprova.com.br\/web\/?page_id=11"},"modified":"2017-04-11T15:14:11","modified_gmt":"2017-04-11T15:14:11","slug":"materiais","status":"publish","type":"page","link":"http:\/\/www.portuguesatodaprova.com.br\/web\/materiais\/","title":{"rendered":"Materiais"},"content":{"rendered":"<p style=\"padding-left: 30px;\">Materiais de estudo, como textos, apresenta\u00e7\u00f5es de slides, esquemas e apostilas.<\/p>\n<h2><span style=\"color: #ff9900;\">Apresenta\u00e7\u00f5es de slides<\/span><\/h2>\n<p>Os links das apresenta\u00e7\u00f5es de slides v\u00e3o para a p\u00e1gina do Portugu\u00eas a toda prova no SlideShare: <a href=\"https:\/\/www.slideshare.net\/CynthiaFunchal\" target=\"_blank\">https:\/\/www.slideshare.net\/CynthiaFunchal<\/a>. L\u00e1, \u00e9 poss\u00edvel ver a apresenta\u00e7\u00e3o e fazer download.<\/p>\n<h3><span style=\"color: #993300;\">Literatura<\/span><\/h3>\n<ul>\n<li><a href=\"https:\/\/www.slideshare.net\/CynthiaFunchal\/realismo-e-naturalismo-literatura\" target=\"_blank\">Realismo e Naturalismo<\/a> &#8211; Caracter\u00edsticas, contexto hist\u00f3rico e principais autores + exerc\u00edcios.<\/li>\n<\/ul>\n<h3><span style=\"color: #993300;\">Reda\u00e7\u00e3o<\/span><\/h3>\n<ul>\n<li><a href=\"https:\/\/www.slideshare.net\/CynthiaFunchal\/concluso-dissertao\" target=\"_blank\">Conclus\u00e3o<\/a> &#8211; Conclus\u00e3o para o texto dissertativo-argumentativo.<\/li>\n<\/ul>\n<p>Gram\u00e1tica<\/p>\n","protected":false},"excerpt":{"rendered":"<p>Materiais de estudo, como textos, apresenta\u00e7\u00f5es de slides, esquemas e apostilas. Apresenta\u00e7\u00f5es de slides Os links das apresenta\u00e7\u00f5es de slides v\u00e3o para a p\u00e1gina do Portugu\u00eas a toda prova no SlideShare: https:\/\/www.slideshare.net\/CynthiaFunchal. L\u00e1, \u00e9 poss\u00edvel ver a apresenta\u00e7\u00e3o e fazer download. Literatura Realismo e Naturalismo &#8211; Caracter\u00edsticas, contexto hist\u00f3rico e principais autores + exerc\u00edcios. Reda\u00e7\u00e3o&hellip; <a class=\"read-more-link\" href=\"http:\/\/www.portuguesatodaprova.com.br\/web\/materiais\/\">(Leia mais)<\/a><\/p>\n","protected":false},"author":1,"featured_media":0,"parent":0,"menu_order":0,"comment_status":"closed","ping_status":"closed","template":"","meta":[],"_links":{"self":[{"href":"http:\/\/www.portuguesatodaprova.com.br\/web\/wp-json\/wp\/v2\/pages\/11"}],"collection":[{"href":"http:\/\/www.portuguesatodaprova.com.br\/web\/wp-json\/wp\/v2\/pages"}],"about":[{"href":"http:\/\/www.portuguesatodaprova.com.br\/web\/wp-json\/wp\/v2\/types\/page"}],"author":[{"embeddable":true,"href":"http:\/\/www.portuguesatodaprova.com.br\/web\/wp-json\/wp\/v2\/users\/1"}],"replies":[{"embeddable":true,"href":"http:\/\/www.portuguesatodaprova.com.br\/web\/wp-json\/wp\/v2\/comments?post=11"}],"version-history":[{"count":7,"href":"http:\/\/www.portuguesatodaprova.com.br\/web\/wp-json\/wp\/v2\/pages\/11\/revisions"}],"predecessor-version":[{"id":153,"href":"http:\/\/www.portuguesatodaprova.com.br\/web\/wp-json\/wp\/v2\/pages\/11\/revisions\/153"}],"wp:attachment":[{"href":"http:\/\/www.portuguesatodaprova.com.br\/web\/wp-json\/wp\/v2\/media?parent=11"}],"curies":[{"name":"wp","href":"https:\/\/api.w.org\/{rel}","templated":true}]}}