{"id":232,"date":"2018-05-19T01:36:59","date_gmt":"2018-05-19T01:36:59","guid":{"rendered":"http:\/\/www.portuguesatodaprova.com.br\/web\/?page_id=232"},"modified":"2019-01-27T13:10:12","modified_gmt":"2019-01-27T13:10:12","slug":"slides","status":"publish","type":"page","link":"http:\/\/www.portuguesatodaprova.com.br\/web\/materiais\/slides\/","title":{"rendered":"Slides"},"content":{"rendered":"<p>Portugu\u00eas a toda prova no SlideShare:\u00a0<a href=\"https:\/\/www.slideshare.net\/CynthiaFunchal\" target=\"_blank\" rel=\"noopener noreferrer\">https:\/\/www.slideshare.net\/CynthiaFunchal<\/a>. L\u00e1, \u00e9 poss\u00edvel ver a apresenta\u00e7\u00e3o e fazer download.<\/p>\n","protected":false},"excerpt":{"rendered":"<p>Portugu\u00eas a toda prova no SlideShare:\u00a0https:\/\/www.slideshare.net\/CynthiaFunchal. L\u00e1, \u00e9 poss\u00edvel ver a apresenta\u00e7\u00e3o e fazer download.<\/p>\n","protected":false},"author":1,"featured_media":0,"parent":11,"menu_order":0,"comment_status":"closed","ping_status":"closed","template":"","meta":[],"_links":{"self":[{"href":"http:\/\/www.portuguesatodaprova.com.br\/web\/wp-json\/wp\/v2\/pages\/232"}],"collection":[{"href":"http:\/\/www.portuguesatodaprova.com.br\/web\/wp-json\/wp\/v2\/pages"}],"about":[{"href":"http:\/\/www.portuguesatodaprova.com.br\/web\/wp-json\/wp\/v2\/types\/page"}],"author":[{"embeddable":true,"href":"http:\/\/www.portuguesatodaprova.com.br\/web\/wp-json\/wp\/v2\/users\/1"}],"replies":[{"embeddable":true,"href":"http:\/\/www.portuguesatodaprova.com.br\/web\/wp-json\/wp\/v2\/comments?post=232"}],"version-history":[{"count":2,"href":"http:\/\/www.portuguesatodaprova.com.br\/web\/wp-json\/wp\/v2\/pages\/232\/revisions"}],"predecessor-version":[{"id":281,"href":"http:\/\/www.portuguesatodaprova.com.br\/web\/wp-json\/wp\/v2\/pages\/232\/revisions\/281"}],"up":[{"embeddable":true,"href":"http:\/\/www.portuguesatodaprova.com.br\/web\/wp-json\/wp\/v2\/pages\/11"}],"wp:attachment":[{"href":"http:\/\/www.portuguesatodaprova.com.br\/web\/wp-json\/wp\/v2\/media?parent=232"}],"curies":[{"name":"wp","href":"https:\/\/api.w.org\/{rel}","templated":true}]}}